{"id":102,"date":"2020-03-18T13:41:47","date_gmt":"2020-03-18T12:41:47","guid":{"rendered":"http:\/\/bergsillustration.com\/?page_id=102"},"modified":"2024-05-08T22:33:14","modified_gmt":"2024-05-08T20:33:14","slug":"ueber-mich","status":"publish","type":"page","link":"https:\/\/bergsillustration.com\/en\/ueber-mich\/","title":{"rendered":"About me"},"content":{"rendered":"<div class=\"wp-block-group alignwide\"><div class=\"wp-block-group__inner-container is-layout-flow wp-block-group-is-layout-flow\"><\/div><\/div>\n\n\n\n<div class=\"wp-block-media-text alignwide is-stacked-on-mobile is-vertically-aligned-center is-image-fill\" style=\"grid-template-columns:37% auto\"><figure class=\"wp-block-media-text__media\" style=\"background-image:url(https:\/\/bergsillustration.com\/wp-content\/uploads\/2020\/07\/portait.jpg);background-position:49% 43%\"><img loading=\"lazy\" decoding=\"async\" width=\"724\" height=\"724\" src=\"https:\/\/bergsillustration.com\/wp-content\/uploads\/2020\/07\/portait.jpg\" alt=\"Illustration Gesicht mit Baumstruktur\" class=\"wp-image-1581 size-full\" srcset=\"https:\/\/bergsillustration.com\/wp-content\/uploads\/2020\/07\/portait.jpg 724w, https:\/\/bergsillustration.com\/wp-content\/uploads\/2020\/07\/portait-300x300.jpg 300w, https:\/\/bergsillustration.com\/wp-content\/uploads\/2020\/07\/portait-150x150.jpg 150w, https:\/\/bergsillustration.com\/wp-content\/uploads\/2020\/07\/portait-500x500.jpg 500w\" sizes=\"auto, (max-width: 724px) 100vw, 724px\" \/><\/figure><div class=\"wp-block-media-text__content\">\n<div style=\"height:20px\" aria-hidden=\"true\" class=\"wp-block-spacer\"><\/div>\n\n\n\n<p class=\"has-text-color\" style=\"color:#f0b54e;font-size:26px\">From illumination to illustration<\/p>\n\n\n\n<p class=\"has-black-color has-text-color\" style=\"font-size:18px\">Born in 1979 at Lake Constance, I was drawn to the north 20 years later. Fascinated by theatre light, I learned the profession of an event technician and worked for some years mainly as a lighting technician.<\/p>\n\n\n\n<p class=\"has-black-color has-text-color\" style=\"font-size:18px\">Mein Traumberuf, Illustratorin, lie\u00df mich aber nie los, so dass ich an einer Berufsfachschule Illustration studierte. Gestalterisch bin ich vielseitig interessiert und meine Neugierde l\u00e4\u00dft mich st\u00e4ndig neue Dinge ausprobieren. Illustration, Malerei, Fotografie und digitales Arbeiten  erg\u00e4nzen sich gegenseitig. Malerische Medien wie Aquarell, Gouache, Eitempera, Acryl und \u00d6l sind genauso willkommen wie zeichnerische Techniken mit Bleistift, Buntstift, Kohle und Pastellkreide. In der Fotografie habe ich eine gro\u00dfe Leidenschaft f\u00fcr die Formen in der Natur und f\u00fcr die Makrofotografie. Das inspiriert mich auch wieder zu weiteren Naturillustrationen. Allgemein habe ich eine gro\u00dfe Liebe f\u00fcr Details und Strukturen , die ich gerne mit meinem liebsten Medium umsetze: Feder und Tusche, erg\u00e4nzt durch Fineliner.<\/p>\n\n\n\n<p class=\"has-cyan-bluish-gray-color has-text-color\" style=\"font-size:18px\"><\/p>\n<\/div><\/div>","protected":false},"excerpt":{"rendered":"","protected":false},"author":1,"featured_media":0,"parent":0,"menu_order":0,"comment_status":"closed","ping_status":"closed","template":"","meta":{"_vp_format_video_url":"","_vp_image_focal_point":[],"footnotes":""},"class_list":["post-102","page","type-page","status-publish","hentry","entry"],"_links":{"self":[{"href":"https:\/\/bergsillustration.com\/en\/wp-json\/wp\/v2\/pages\/102","targetHints":{"allow":["GET"]}}],"collection":[{"href":"https:\/\/bergsillustration.com\/en\/wp-json\/wp\/v2\/pages"}],"about":[{"href":"https:\/\/bergsillustration.com\/en\/wp-json\/wp\/v2\/types\/page"}],"author":[{"embeddable":true,"href":"https:\/\/bergsillustration.com\/en\/wp-json\/wp\/v2\/users\/1"}],"replies":[{"embeddable":true,"href":"https:\/\/bergsillustration.com\/en\/wp-json\/wp\/v2\/comments?post=102"}],"version-history":[{"count":4,"href":"https:\/\/bergsillustration.com\/en\/wp-json\/wp\/v2\/pages\/102\/revisions"}],"predecessor-version":[{"id":2270,"href":"https:\/\/bergsillustration.com\/en\/wp-json\/wp\/v2\/pages\/102\/revisions\/2270"}],"wp:attachment":[{"href":"https:\/\/bergsillustration.com\/en\/wp-json\/wp\/v2\/media?parent=102"}],"curies":[{"name":"wp","href":"https:\/\/api.w.org\/{rel}","templated":true}]}}